{"id":367,"date":"2005-11-30T02:06:46","date_gmt":"2005-11-30T01:06:46","guid":{"rendered":"https:\/\/www.dreamsworld.it\/emanuele\/disclaimer\/"},"modified":"2016-04-01T11:46:16","modified_gmt":"2016-04-01T09:46:16","slug":"disclaimer","status":"publish","type":"page","link":"https:\/\/www.dreamsworld.it\/emanuele\/disclaimer\/","title":{"rendered":"&#8211; Disclaimer &#8211;"},"content":{"rendered":"<p>Per anni ho scritto. Ho scritto forsennatamente, correndo. Avevo l&#8217;ansia di chi deve recuperar la terra quando il mare in risacca tenta di bagnare e rovinare quelle belle scarpe che avevi deciso di comprare. Pi\u00f9 le guardavo e pi\u00f9 mi dicevo <em>&#8220;cavolo, ma proprio oggi, proprio queste?&#8221;<\/em> come fossero le pi\u00f9 preziose che mi sarei potuto permettere nella mia intera vita. Come se a rovinarsi fosse una parte di me. E cos\u00ec correvo. Paura di perdersi, di annegare, mi dicono. Paura di non arrivare, mi dico. Perch\u00e9 io correvo, \u00e8 vero, quando il mare avanzava verso la terra, ma correvo ancor di pi\u00f9 quando sembrava volesse concedermi tutti i suoi fondali. Paura dicevamo. Una fottutissima paura che ti spinge a rischiare tutto, a correr nuovamente contro l&#8217;acqua che si ritira ma che &#8211; alt! Dietro front! &#8211; ti porta poi a dover dare giustificazione di ci\u00f2 che sei. No, non agli altri &#8211; loro lo vedono che a quelle scarpe, a ci\u00f2 che sei, ci tieni. Scrivevo per dare giustificazione a me stesso, in un continuo moto ondoso.<\/p>\n<p>Poi, un giorno, mi son fermato. Non ho deciso di rovinare le scarpe, semplicemente per\u00f2, ho capito che potevo toglierle. Potevo bagnarmi i piedi, potevo sporcarli, potevo raccontarvi solo della sabbia che, una volta inumidita, cambiava colore e permetteva di scolpire delle impronte ancor pi\u00f9 definite. Addirittura pi\u00f9 belle di quelle che intravedevo quando correvo via, fuggendo da quella massa schiumosa che mi tallonava con precisione. Perdi tempo quando corri, perdi tempo quando <em>giustifichi<\/em>.<\/p>\n<p>Un giorno, ho deciso di tenere i piedi liberi. E di scoprire il mare.<\/p>\n<p><strong>Emanuele<\/strong><\/p>\n<p>&#8211; 25 Febbraio 2012 &#8211;<\/p>\n","protected":false},"excerpt":{"rendered":"<p>Per anni ho scritto. Ho scritto forsennatamente, correndo. Avevo l&#8217;ansia di chi deve recuperar la terra quando il mare in risacca tenta di bagnare e rovinare quelle belle scarpe che avevi deciso di comprare. Pi\u00f9 le guardavo e pi\u00f9 mi &hellip; <a href=\"https:\/\/www.dreamsworld.it\/emanuele\/disclaimer\/\">Leggi ancora &rarr;<\/a><\/p>\n","protected":false},"author":1,"featured_media":0,"parent":0,"menu_order":0,"comment_status":"open","ping_status":"closed","template":"","meta":{"activitypub_content_warning":"","activitypub_content_visibility":"","activitypub_max_image_attachments":4,"activitypub_interaction_policy_quote":"anyone","activitypub_status":"","footnotes":""},"class_list":["post-367","page","type-page","status-publish","hentry"],"jetpack_sharing_enabled":true,"_links":{"self":[{"href":"https:\/\/www.dreamsworld.it\/emanuele\/wp-json\/wp\/v2\/pages\/367","targetHints":{"allow":["GET"]}}],"collection":[{"href":"https:\/\/www.dreamsworld.it\/emanuele\/wp-json\/wp\/v2\/pages"}],"about":[{"href":"https:\/\/www.dreamsworld.it\/emanuele\/wp-json\/wp\/v2\/types\/page"}],"author":[{"embeddable":true,"href":"https:\/\/www.dreamsworld.it\/emanuele\/wp-json\/wp\/v2\/users\/1"}],"replies":[{"embeddable":true,"href":"https:\/\/www.dreamsworld.it\/emanuele\/wp-json\/wp\/v2\/comments?post=367"}],"version-history":[{"count":0,"href":"https:\/\/www.dreamsworld.it\/emanuele\/wp-json\/wp\/v2\/pages\/367\/revisions"}],"wp:attachment":[{"href":"https:\/\/www.dreamsworld.it\/emanuele\/wp-json\/wp\/v2\/media?parent=367"}],"curies":[{"name":"wp","href":"https:\/\/api.w.org\/{rel}","templated":true}]}}